{"id":8,"date":"2020-10-18T13:07:58","date_gmt":"2020-10-18T13:07:58","guid":{"rendered":"https:\/\/f4af1f18a3.nxcli.io\/?page_id=8"},"modified":"2026-02-15T17:21:44","modified_gmt":"2026-02-15T23:21:44","slug":"about","status":"publish","type":"page","link":"https:\/\/charmingskin.com\/es\/about\/","title":{"rendered":"ACERCA DE"},"content":{"rendered":"<div data-elementor-type=\"wp-page\" data-elementor-id=\"8\" class=\"elementor elementor-8\" data-elementor-post-type=\"page\">\n\t\t\t\t\t\t<section class=\"elementor-section elementor-top-section elementor-element elementor-element-3f0d6d2 elementor-section-boxed elementor-section-height-default elementor-section-height-default\" data-id=\"3f0d6d2\" data-element_type=\"section\" data-e-type=\"section\">\n\t\t\t\t\t\t<div class=\"elementor-container elementor-column-gap-default\">\n\t\t\t\t\t<div class=\"elementor-column elementor-col-100 elementor-top-column elementor-element elementor-element-f870c65\" data-id=\"f870c65\" data-element_type=\"column\" data-e-type=\"column\">\n\t\t\t<div class=\"elementor-widget-wrap elementor-element-populated\">\n\t\t\t\t\t\t<div class=\"elementor-element elementor-element-9624559 elementor-widget elementor-widget-heading\" data-id=\"9624559\" data-element_type=\"widget\" data-e-type=\"widget\" data-widget_type=\"heading.default\">\n\t\t\t\t<div class=\"elementor-widget-container\">\n\t\t\t\t\t<h2 class=\"elementor-heading-title elementor-size-default\">About Charming Skin<\/h2>\t\t\t\t<\/div>\n\t\t\t\t<\/div>\n\t\t\t\t<div class=\"elementor-element elementor-element-b896f60 elementor-widget elementor-widget-spacer\" data-id=\"b896f60\" data-element_type=\"widget\" data-e-type=\"widget\" data-widget_type=\"spacer.default\">\n\t\t\t\t<div class=\"elementor-widget-container\">\n\t\t\t\t\t\t\t<div class=\"elementor-spacer\">\n\t\t\t<div class=\"elementor-spacer-inner\"><\/div>\n\t\t<\/div>\n\t\t\t\t\t\t<\/div>\n\t\t\t\t<\/div>\n\t\t\t\t<div class=\"elementor-element elementor-element-2ecf690 elementor-widget elementor-widget-spacer\" data-id=\"2ecf690\" data-element_type=\"widget\" data-e-type=\"widget\" data-widget_type=\"spacer.default\">\n\t\t\t\t<div class=\"elementor-widget-container\">\n\t\t\t\t\t\t\t<div class=\"elementor-spacer\">\n\t\t\t<div class=\"elementor-spacer-inner\"><\/div>\n\t\t<\/div>\n\t\t\t\t\t\t<\/div>\n\t\t\t\t<\/div>\n\t\t\t\t<div class=\"elementor-element elementor-element-011dd95 elementor-widget elementor-widget-ideapark-heading\" data-id=\"011dd95\" data-element_type=\"widget\" data-e-type=\"widget\" data-widget_type=\"ideapark-heading.default\">\n\t\t\t\t<div class=\"elementor-widget-container\">\n\t\t\t\t\t<h1 class=\"c-ip-heading c-ip-heading--medium c-ip-heading--center c-ip-heading--bullet-hide\"><span class=\"c-ip-heading__inner\">About US<\/span><\/h1>\t\t\t\t<\/div>\n\t\t\t\t<\/div>\n\t\t\t\t<div class=\"elementor-element elementor-element-c2e02a5 elementor-widget elementor-widget-text-editor\" data-id=\"c2e02a5\" data-element_type=\"widget\" data-e-type=\"widget\" data-widget_type=\"text-editor.default\">\n\t\t\t\t<div class=\"elementor-widget-container\">\n\t\t\t\t\t\t\t\t\t<p>\u00a0Charming Skin Vein Clinics es hogar de avances m\u00e9dicos innovadores y un profundo aprecio por la est\u00e9tica refinada. Nuestra misi\u00f3n es simple pero profunda: brindarle un viaje transformador de atenci\u00f3n que no tiene igual. En el centro de todo lo que hacemos hay una dedicaci\u00f3n inquebrantable para crear una experiencia que supere sus expectativas y ofrezca resultados incomparable<\/p><p>Nuestro enfoque est\u00e1 impulsado por una pasi\u00f3n que resuena en cada <a href=\"https:\/\/charmingskin.com\/es\/services\/\">servicio<\/a> ofrecemos. Con una atenci\u00f3n meticulosa a los detalles y una habilidad innata para crear, nuestro equipo impregna cada tratamiento con un toque art\u00edstico, realzando su belleza \u00fanica de maneras aut\u00e9nticas y cautivadoras.<\/p><p>Our commitment to excellence and utilization of top-tier technology sets us apart. Our arsenal of cutting-edge <a href=\"https:\/\/en.wikipedia.org\/wiki\/Medical_device\" target=\"_blank\" rel=\"noopener nofollow\">medical tools<\/a> empowers us to deliver precise, effective, and minimally invasive treatments, ensuring you experience minimal downtime and optimal comfort throughout your journey with us.<\/p><p>Como su socio en la b\u00fasqueda de su bienestar, ofrecemos una amplia gama de tratamientos adaptados a sus necesidades. Lo tenemos cubierto, desde soluciones innovadoras para las venas varicosas <a href=\"https:\/\/charmingskin.com\/es\/spider-veins\/\">venas y terapias l\u00e1ser guiadas para las ara\u00f1as<\/a> eliminaci\u00f3n de venas hasta intervenciones de \u00faltima generaci\u00f3n para cicatrices, acn\u00e9 y otras preocupaciones de la piel. Adem\u00e1s, nuestros procedimientos est\u00e9ticos no invasivos, incluyendo <a href=\"https:\/\/charmingskin.com\/es\/facial-fillers\/\">Los Rellenos<\/a> and laser resurfacing, are thoughtfully curated to enhance the innate beauty that defines you.<\/p><p>With a legacy spanning over two decades, we take immense pride in serving the vibrant communities of Chicago and northwest Indiana. Dr. Jawdat Abboud, our esteemed lead doctor, stands at the helm of our dedicated team. With over 30 years of medical experience, Dr. Abboud&#8217;s journey includes graduation from the University of Damascus, residency at prestigious institutions, including Cook County Hospital and John Stroger Jr. Hospital in Chicago. Furthermore, his expertise extends to <a href=\"https:\/\/charmingskin.com\/es\/2023\/12\/12\/vein-and-cosmetic-centers\/\">Cosmetic Dermatology and Vein<\/a> Treatment, a testament to his commitment to staying at the forefront of medical advancements.<\/p><p>Charming Skin Vein Clinics is more than just a medical facility; it embodies our collective passion to enhance lives. With personalized care that resonates on a deeply human level, we invite you to embark on a journey of transformation and rejuvenation like no other. Your contentment is our steadfast pursuit, and we are honored to be a part of your story.<\/p>\t\t\t\t\t\t\t\t<\/div>\n\t\t\t\t<\/div>\n\t\t\t\t<div class=\"elementor-element elementor-element-99f549e elementor-widget elementor-widget-image\" data-id=\"99f549e\" data-element_type=\"widget\" data-e-type=\"widget\" data-widget_type=\"image.default\">\n\t\t\t\t<div class=\"elementor-widget-container\">\n\t\t\t\t\t\t\t\t\t\t\t\t\t\t\t<img fetchpriority=\"high\" decoding=\"async\" width=\"1080\" height=\"1350\" src=\"https:\/\/charmingskin.com\/wp-content\/uploads\/2023\/08\/small-website-photo-1.png?wsr\" class=\"attachment-large size-large wp-image-5162\" alt=\"Doctors\" srcset=\"https:\/\/charmingskin.com\/wp-content\/uploads\/2023\/08\/small-website-photo-1.png 1080w, https:\/\/charmingskin.com\/wp-content\/uploads\/2023\/08\/small-website-photo-1-460x575.png 460w, https:\/\/charmingskin.com\/wp-content\/uploads\/2023\/08\/small-website-photo-1-760x950.png 760w, https:\/\/charmingskin.com\/wp-content\/uploads\/2023\/08\/small-website-photo-1-10x12.png 10w, https:\/\/charmingskin.com\/wp-content\/uploads\/2023\/08\/small-website-photo-1-920x1150.png 920w, https:\/\/charmingskin.com\/wp-content\/uploads\/2023\/08\/small-website-photo-1-116x145.png 116w, https:\/\/charmingskin.com\/wp-content\/uploads\/2023\/08\/small-website-photo-1-232x290.png 232w\" sizes=\"(max-width: 1080px) 100vw, 1080px\" title=\"\">\t\t\t\t\t\t\t\t\t\t\t\t\t\t\t<\/div>\n\t\t\t\t<\/div>\n\t\t\t\t<div class=\"elementor-element elementor-element-15a2b75 elementor-widget elementor-widget-google_maps\" data-id=\"15a2b75\" data-element_type=\"widget\" data-e-type=\"widget\" data-widget_type=\"google_maps.default\">\n\t\t\t\t<div class=\"elementor-widget-container\">\n\t\t\t\t\t\t\t<div class=\"elementor-custom-embed\">\n\t\t\t<iframe loading=\"lazy\"\n\t\t\t\t\tsrc=\"https:\/\/maps.google.com\/maps?q=2425%20W.%2022nd%20St%2C%20Oak%20Brook%2C%20IL&#038;t=m&#038;z=16&#038;output=embed&#038;iwloc=near\"\n\t\t\t\t\ttitle=\"2425 W. 22nd St, Oak Brook, IL\"\n\t\t\t\t\taria-label=\"2425 W. 22nd St, Oak Brook, IL\"\n\t\t\t><\/iframe>\n\t\t<\/div>\n\t\t\t\t\t\t<\/div>\n\t\t\t\t<\/div>\n\t\t\t\t\t<\/div>\n\t\t<\/div>\n\t\t\t\t\t<\/div>\n\t\t<\/section>\n\t\t\t\t<section class=\"elementor-section elementor-top-section elementor-element elementor-element-6221878 elementor-section-boxed elementor-section-height-default elementor-section-height-default\" data-id=\"6221878\" data-element_type=\"section\" data-e-type=\"section\">\n\t\t\t\t\t\t<div class=\"elementor-container elementor-column-gap-default\">\n\t\t\t\t\t<div class=\"elementor-column elementor-col-100 elementor-top-column elementor-element elementor-element-6658a44\" data-id=\"6658a44\" data-element_type=\"column\" data-e-type=\"column\">\n\t\t\t<div class=\"elementor-widget-wrap\">\n\t\t\t\t\t\t\t<\/div>\n\t\t<\/div>\n\t\t\t\t\t<\/div>\n\t\t<\/section>\n\t\t\t\t<section class=\"elementor-section elementor-top-section elementor-element elementor-element-42f16c1 elementor-section-boxed elementor-section-height-default elementor-section-height-default\" data-id=\"42f16c1\" data-element_type=\"section\" data-e-type=\"section\">\n\t\t\t\t\t\t<div class=\"elementor-container elementor-column-gap-default\">\n\t\t\t\t\t<div class=\"elementor-column elementor-col-100 elementor-top-column elementor-element elementor-element-5e99124\" data-id=\"5e99124\" data-element_type=\"column\" data-e-type=\"column\">\n\t\t\t<div class=\"elementor-widget-wrap\">\n\t\t\t\t\t\t\t<\/div>\n\t\t<\/div>\n\t\t\t\t\t<\/div>\n\t\t<\/section>\n\t\t\t\t<\/div>\n\t\t<style>\r\n.lwrp.link-whisper-related-posts{\r\n            \r\n            margin-top: 40px;\nmargin-bottom: 30px;\r\n        }\r\n        .lwrp .lwrp-title{\r\n            \r\n            \r\n        }.lwrp .lwrp-description{\r\n            \r\n            \r\n\r\n        }\r\n        .lwrp .lwrp-list-container{\r\n        }\r\n        .lwrp .lwrp-list-multi-container{\r\n            display: flex;\r\n        }\r\n        .lwrp .lwrp-list-double{\r\n            width: 48%;\r\n        }\r\n        .lwrp .lwrp-list-triple{\r\n            width: 32%;\r\n        }\r\n        .lwrp .lwrp-list-row-container{\r\n            display: flex;\r\n            justify-content: space-between;\r\n        }\r\n        .lwrp .lwrp-list-row-container .lwrp-list-item{\r\n            width: calc(25% - 20px);\r\n        }\r\n        .lwrp .lwrp-list-item:not(.lwrp-no-posts-message-item){\r\n            \r\n            max-width: 200px;\r\n        }\r\n        .lwrp .lwrp-list-item img{\r\n            max-width: 100%;\r\n            height: auto;\r\n            object-fit: cover;\r\n            aspect-ratio: 1 \/ 1;\r\n        }\r\n        .lwrp .lwrp-list-item.lwrp-empty-list-item{\r\n            background: initial !important;\r\n        }\r\n        .lwrp .lwrp-list-item .lwrp-list-link .lwrp-list-link-title-text,\r\n        .lwrp .lwrp-list-item .lwrp-list-no-posts-message{\r\n            \r\n            \r\n            \r\n            \r\n        }@media screen and (max-width: 480px) {\r\n            .lwrp.link-whisper-related-posts{\r\n                \r\n                \r\n            }\r\n            .lwrp .lwrp-title{\r\n                \r\n                \r\n            }.lwrp .lwrp-description{\r\n                \r\n                \r\n            }\r\n            .lwrp .lwrp-list-multi-container{\r\n                flex-direction: column;\r\n            }\r\n            .lwrp .lwrp-list-multi-container ul.lwrp-list{\r\n                margin-top: 0px;\r\n                margin-bottom: 0px;\r\n                padding-top: 0px;\r\n                padding-bottom: 0px;\r\n            }\r\n            .lwrp .lwrp-list-double,\r\n            .lwrp .lwrp-list-triple{\r\n                width: 100%;\r\n            }\r\n            .lwrp .lwrp-list-row-container{\r\n                justify-content: initial;\r\n                flex-direction: column;\r\n            }\r\n            .lwrp .lwrp-list-row-container .lwrp-list-item{\r\n                width: 100%;\r\n            }\r\n            .lwrp .lwrp-list-item:not(.lwrp-no-posts-message-item){\r\n                \r\n                max-width: initial;\r\n            }\r\n            .lwrp .lwrp-list-item .lwrp-list-link .lwrp-list-link-title-text,\r\n            .lwrp .lwrp-list-item .lwrp-list-no-posts-message{\r\n                \r\n                \r\n                \r\n                \r\n            };\r\n        }<\/style>\r\n<div id=\"link-whisper-related-posts-widget\" class=\"link-whisper-related-posts lwrp\">\r\n            <h3 class=\"lwrp-title\">Related Posts<\/h3>    \r\n        <div class=\"lwrp-list-container\">\r\n                                            <div class=\"lwrp-list-multi-container\">\r\n                    <ul class=\"lwrp-list lwrp-list-double lwrp-list-left\">\r\n                        <li class=\"lwrp-list-item\"><a href=\"https:\/\/lightslategrey-snake-537859.hostingersite.com\/2023\/12\/28\/vein-doctor-covered-by-insurance\/\" class=\"lwrp-list-link\"><img width=\"480\" height=\"314\" src=\"https:\/\/charmingskin.com\/wp-content\/uploads\/2023\/12\/iStock-leg-scaled.jpg?wsr\" class=\"attachment-480x480 size-480x480 wp-post-image\" alt=\"Best M\u00e9dico de Varices\" srcset=\"https:\/\/charmingskin.com\/wp-content\/uploads\/2023\/12\/iStock-leg-scaled.jpg 3360w, https:\/\/charmingskin.com\/wp-content\/uploads\/2023\/12\/iStock-leg-460x301.jpg 460w, https:\/\/charmingskin.com\/wp-content\/uploads\/2023\/12\/iStock-leg-1520x995.jpg 1520w, https:\/\/charmingskin.com\/wp-content\/uploads\/2023\/12\/iStock-leg-760x498.jpg 760w, https:\/\/charmingskin.com\/wp-content\/uploads\/2023\/12\/iStock-leg-18x12.jpg 18w, https:\/\/charmingskin.com\/wp-content\/uploads\/2023\/12\/iStock-leg-920x602.jpg 920w, https:\/\/charmingskin.com\/wp-content\/uploads\/2023\/12\/iStock-leg-221x145.jpg 221w, https:\/\/charmingskin.com\/wp-content\/uploads\/2023\/12\/iStock-leg-443x290.jpg 443w\" sizes=\"(max-width: 480px) 100vw, 480px\" title=\"\"><br><span class=\"lwrp-list-link-title-text\">Vein Doctor Covered by Insurance<\/span><\/a><\/li><li class=\"lwrp-list-item\"><a href=\"https:\/\/lightslategrey-snake-537859.hostingersite.com\/2023\/12\/27\/medico-de-varices\/\" class=\"lwrp-list-link\"><img width=\"480\" height=\"314\" src=\"https:\/\/charmingskin.com\/wp-content\/uploads\/2023\/12\/iStock-leg-scaled.jpg?wsr\" class=\"attachment-480x480 size-480x480 wp-post-image\" alt=\"Best M\u00e9dico de Varices\" srcset=\"https:\/\/charmingskin.com\/wp-content\/uploads\/2023\/12\/iStock-leg-scaled.jpg 3360w, https:\/\/charmingskin.com\/wp-content\/uploads\/2023\/12\/iStock-leg-460x301.jpg 460w, https:\/\/charmingskin.com\/wp-content\/uploads\/2023\/12\/iStock-leg-1520x995.jpg 1520w, https:\/\/charmingskin.com\/wp-content\/uploads\/2023\/12\/iStock-leg-760x498.jpg 760w, https:\/\/charmingskin.com\/wp-content\/uploads\/2023\/12\/iStock-leg-18x12.jpg 18w, https:\/\/charmingskin.com\/wp-content\/uploads\/2023\/12\/iStock-leg-920x602.jpg 920w, https:\/\/charmingskin.com\/wp-content\/uploads\/2023\/12\/iStock-leg-221x145.jpg 221w, https:\/\/charmingskin.com\/wp-content\/uploads\/2023\/12\/iStock-leg-443x290.jpg 443w\" sizes=\"(max-width: 480px) 100vw, 480px\" title=\"\"><br><span class=\"lwrp-list-link-title-text\">M\u00e9dico de Varices<\/span><\/a><\/li><li class=\"lwrp-list-item\"><a href=\"https:\/\/lightslategrey-snake-537859.hostingersite.com\/2023\/12\/27\/doctor-para-venas-varicosas\/\" class=\"lwrp-list-link\"><img width=\"480\" height=\"320\" src=\"https:\/\/charmingskin.com\/wp-content\/uploads\/2023\/12\/iStock-1145186766-1-scaled.jpg?wsr\" class=\"attachment-480x480 size-480x480 wp-post-image\" alt=\"doctor para venas varicosas\" srcset=\"https:\/\/charmingskin.com\/wp-content\/uploads\/2023\/12\/iStock-1145186766-1-scaled.jpg 3360w, https:\/\/charmingskin.com\/wp-content\/uploads\/2023\/12\/iStock-1145186766-1-460x307.jpg 460w, https:\/\/charmingskin.com\/wp-content\/uploads\/2023\/12\/iStock-1145186766-1-1520x1013.jpg 1520w, https:\/\/charmingskin.com\/wp-content\/uploads\/2023\/12\/iStock-1145186766-1-760x507.jpg 760w, https:\/\/charmingskin.com\/wp-content\/uploads\/2023\/12\/iStock-1145186766-1-18x12.jpg 18w, https:\/\/charmingskin.com\/wp-content\/uploads\/2023\/12\/iStock-1145186766-1-920x613.jpg 920w, https:\/\/charmingskin.com\/wp-content\/uploads\/2023\/12\/iStock-1145186766-1-218x145.jpg 218w, https:\/\/charmingskin.com\/wp-content\/uploads\/2023\/12\/iStock-1145186766-1-435x290.jpg 435w\" sizes=\"(max-width: 480px) 100vw, 480px\" title=\"\"><br><span class=\"lwrp-list-link-title-text\">doctor para venas varicosas<\/span><\/a><\/li><li class=\"lwrp-list-item\"><a href=\"https:\/\/lightslategrey-snake-537859.hostingersite.com\/2023\/12\/26\/venas-varicosas-tratamiento\/\" class=\"lwrp-list-link\"><img width=\"381\" height=\"480\" src=\"https:\/\/charmingskin.com\/wp-content\/uploads\/2023\/12\/4722-varicose-veins-illustration.webp?wsr\" class=\"attachment-480x480 size-480x480 wp-post-image\" alt=\"Venas Varicosas Tratamiento\" srcset=\"https:\/\/charmingskin.com\/wp-content\/uploads\/2023\/12\/4722-varicose-veins-illustration.webp 800w, https:\/\/charmingskin.com\/wp-content\/uploads\/2023\/12\/4722-varicose-veins-illustration-460x579.webp 460w, https:\/\/charmingskin.com\/wp-content\/uploads\/2023\/12\/4722-varicose-veins-illustration-760x957.webp 760w, https:\/\/charmingskin.com\/wp-content\/uploads\/2023\/12\/4722-varicose-veins-illustration-10x12.webp 10w, https:\/\/charmingskin.com\/wp-content\/uploads\/2023\/12\/4722-varicose-veins-illustration-115x145.webp 115w, https:\/\/charmingskin.com\/wp-content\/uploads\/2023\/12\/4722-varicose-veins-illustration-230x290.webp 230w\" sizes=\"(max-width: 381px) 100vw, 381px\" title=\"\"><br><span class=\"lwrp-list-link-title-text\">Venas Varicosas Tratamiento<\/span><\/a><\/li>                    <\/ul>\r\n                    <ul class=\"lwrp-list lwrp-list-double lwrp-list-right\">\r\n                        <li class=\"lwrp-list-item\"><a href=\"https:\/\/lightslategrey-snake-537859.hostingersite.com\/2023\/12\/25\/vein-specialist\/\" class=\"lwrp-list-link\"><img width=\"480\" height=\"480\" src=\"https:\/\/charmingskin.com\/wp-content\/uploads\/2023\/12\/IMG-20231208-WA0027-1-760x760.jpg?wsr\" class=\"attachment-480x480 size-480x480 wp-post-image\" alt=\"The vein specialist\" srcset=\"https:\/\/charmingskin.com\/wp-content\/uploads\/2023\/12\/IMG-20231208-WA0027-1-760x760.jpg 760w, https:\/\/charmingskin.com\/wp-content\/uploads\/2023\/12\/IMG-20231208-WA0027-1-460x460.jpg 460w, https:\/\/charmingskin.com\/wp-content\/uploads\/2023\/12\/IMG-20231208-WA0027-1-115x115.jpg 115w, https:\/\/charmingskin.com\/wp-content\/uploads\/2023\/12\/IMG-20231208-WA0027-1-12x12.jpg 12w, https:\/\/charmingskin.com\/wp-content\/uploads\/2023\/12\/IMG-20231208-WA0027-1-920x920.jpg 920w, https:\/\/charmingskin.com\/wp-content\/uploads\/2023\/12\/IMG-20231208-WA0027-1-145x145.jpg 145w, https:\/\/charmingskin.com\/wp-content\/uploads\/2023\/12\/IMG-20231208-WA0027-1-290x290.jpg 290w, https:\/\/charmingskin.com\/wp-content\/uploads\/2023\/12\/IMG-20231208-WA0027-1.jpg 1024w\" sizes=\"(max-width: 480px) 100vw, 480px\" title=\"\"><br><span class=\"lwrp-list-link-title-text\">Vein Specialist<\/span><\/a><\/li><li class=\"lwrp-list-item\"><a href=\"https:\/\/lightslategrey-snake-537859.hostingersite.com\/2023\/12\/24\/vein-specialist-doctor-near-me\/\" class=\"lwrp-list-link\"><img width=\"480\" height=\"480\" src=\"https:\/\/charmingskin.com\/wp-content\/uploads\/2023\/12\/IMG-20231208-WA0035.jpg?wsr\" class=\"attachment-480x480 size-480x480 wp-post-image\" alt=\"The best vein specialist doctor near me\" srcset=\"https:\/\/charmingskin.com\/wp-content\/uploads\/2023\/12\/IMG-20231208-WA0035.jpg 519w, https:\/\/charmingskin.com\/wp-content\/uploads\/2023\/12\/IMG-20231208-WA0035-460x460.jpg 460w, https:\/\/charmingskin.com\/wp-content\/uploads\/2023\/12\/IMG-20231208-WA0035-115x115.jpg 115w, https:\/\/charmingskin.com\/wp-content\/uploads\/2023\/12\/IMG-20231208-WA0035-12x12.jpg 12w, https:\/\/charmingskin.com\/wp-content\/uploads\/2023\/12\/IMG-20231208-WA0035-145x145.jpg 145w, https:\/\/charmingskin.com\/wp-content\/uploads\/2023\/12\/IMG-20231208-WA0035-290x290.jpg 290w\" sizes=\"(max-width: 480px) 100vw, 480px\" title=\"\"><br><span class=\"lwrp-list-link-title-text\">vein specialist doctor near me<\/span><\/a><\/li><li class=\"lwrp-list-item\"><a href=\"https:\/\/lightslategrey-snake-537859.hostingersite.com\/2023\/12\/24\/vein-center-near-me\/\" class=\"lwrp-list-link\"><img width=\"480\" height=\"283\" src=\"https:\/\/charmingskin.com\/wp-content\/uploads\/2023\/12\/WhatsApp-Image-2023-10-01-at-17.36.33.jpg?wsr\" class=\"attachment-480x480 size-480x480 wp-post-image\" alt=\"The Vein Center Near Me\" srcset=\"https:\/\/charmingskin.com\/wp-content\/uploads\/2023\/12\/WhatsApp-Image-2023-10-01-at-17.36.33.jpg 2048w, https:\/\/charmingskin.com\/wp-content\/uploads\/2023\/12\/WhatsApp-Image-2023-10-01-at-17.36.33-460x272.jpg 460w, https:\/\/charmingskin.com\/wp-content\/uploads\/2023\/12\/WhatsApp-Image-2023-10-01-at-17.36.33-1520x897.jpg 1520w, https:\/\/charmingskin.com\/wp-content\/uploads\/2023\/12\/WhatsApp-Image-2023-10-01-at-17.36.33-760x449.jpg 760w, https:\/\/charmingskin.com\/wp-content\/uploads\/2023\/12\/WhatsApp-Image-2023-10-01-at-17.36.33-18x12.jpg 18w, https:\/\/charmingskin.com\/wp-content\/uploads\/2023\/12\/WhatsApp-Image-2023-10-01-at-17.36.33-920x543.jpg 920w, https:\/\/charmingskin.com\/wp-content\/uploads\/2023\/12\/WhatsApp-Image-2023-10-01-at-17.36.33-246x145.jpg 246w, https:\/\/charmingskin.com\/wp-content\/uploads\/2023\/12\/WhatsApp-Image-2023-10-01-at-17.36.33-491x290.jpg 491w\" sizes=\"(max-width: 480px) 100vw, 480px\" title=\"\"><br><span class=\"lwrp-list-link-title-text\">vein center near me<\/span><\/a><\/li><li class=\"lwrp-list-item\"><a href=\"https:\/\/lightslategrey-snake-537859.hostingersite.com\/2023\/12\/23\/vascular-treatment-near-me\/\" class=\"lwrp-list-link\"><img width=\"480\" height=\"480\" src=\"https:\/\/charmingskin.com\/wp-content\/uploads\/2023\/12\/IMG-20231208-WA0038.jpg?wsr\" class=\"attachment-480x480 size-480x480 wp-post-image\" alt=\"Vascular Treatment Near Me\" srcset=\"https:\/\/charmingskin.com\/wp-content\/uploads\/2023\/12\/IMG-20231208-WA0038.jpg 519w, https:\/\/charmingskin.com\/wp-content\/uploads\/2023\/12\/IMG-20231208-WA0038-460x460.jpg 460w, https:\/\/charmingskin.com\/wp-content\/uploads\/2023\/12\/IMG-20231208-WA0038-115x115.jpg 115w, https:\/\/charmingskin.com\/wp-content\/uploads\/2023\/12\/IMG-20231208-WA0038-12x12.jpg 12w, https:\/\/charmingskin.com\/wp-content\/uploads\/2023\/12\/IMG-20231208-WA0038-145x145.jpg 145w, https:\/\/charmingskin.com\/wp-content\/uploads\/2023\/12\/IMG-20231208-WA0038-290x290.jpg 290w\" sizes=\"(max-width: 480px) 100vw, 480px\" title=\"\"><br><span class=\"lwrp-list-link-title-text\">Vascular Treatment Near Me<\/span><\/a><\/li>                    <\/ul>\r\n                <\/div>\r\n                        <\/div>\r\n<\/div>","protected":false},"excerpt":{"rendered":"<p>About Charming Skin About US \u00a0Charming Skin Vein Clinics is home to groundbreaking medical advancements and a deep appreciation for refined aesthetics.&hellip;<\/p>","protected":false},"author":5,"featured_media":0,"parent":0,"menu_order":0,"comment_status":"closed","ping_status":"closed","template":"elementor_header_footer","meta":{"footnotes":""},"class_list":["post-8","page","type-page","status-publish","hentry"],"_links":{"self":[{"href":"https:\/\/charmingskin.com\/es\/wp-json\/wp\/v2\/pages\/8","targetHints":{"allow":["GET"]}}],"collection":[{"href":"https:\/\/charmingskin.com\/es\/wp-json\/wp\/v2\/pages"}],"about":[{"href":"https:\/\/charmingskin.com\/es\/wp-json\/wp\/v2\/types\/page"}],"author":[{"embeddable":true,"href":"https:\/\/charmingskin.com\/es\/wp-json\/wp\/v2\/users\/5"}],"replies":[{"embeddable":true,"href":"https:\/\/charmingskin.com\/es\/wp-json\/wp\/v2\/comments?post=8"}],"version-history":[{"count":94,"href":"https:\/\/charmingskin.com\/es\/wp-json\/wp\/v2\/pages\/8\/revisions"}],"predecessor-version":[{"id":12641,"href":"https:\/\/charmingskin.com\/es\/wp-json\/wp\/v2\/pages\/8\/revisions\/12641"}],"wp:attachment":[{"href":"https:\/\/charmingskin.com\/es\/wp-json\/wp\/v2\/media?parent=8"}],"curies":[{"name":"wp","href":"https:\/\/api.w.org\/{rel}","templated":true}]}}