{"id":4728,"date":"2023-07-24T02:12:24","date_gmt":"2023-07-24T07:12:24","guid":{"rendered":"https:\/\/f4af1f18a3.nxcli.io\/?page_id=4728"},"modified":"2025-06-23T19:29:38","modified_gmt":"2025-06-24T00:29:38","slug":"faq","status":"publish","type":"page","link":"https:\/\/charmingskin.com\/es\/faq\/","title":{"rendered":"Preguntas Frecuentes"},"content":{"rendered":"<div data-elementor-type=\"wp-page\" data-elementor-id=\"4728\" class=\"elementor elementor-4728\" data-elementor-post-type=\"page\">\n\t\t\t\t\t\t<section class=\"elementor-section elementor-top-section elementor-element elementor-element-24b7e0ee elementor-section-boxed elementor-section-height-default elementor-section-height-default\" data-id=\"24b7e0ee\" data-element_type=\"section\" data-e-type=\"section\" data-settings=\"{&quot;background_background&quot;:&quot;classic&quot;}\">\n\t\t\t\t\t\t<div class=\"elementor-container elementor-column-gap-no\">\n\t\t\t\t\t<div class=\"elementor-column elementor-col-100 elementor-top-column elementor-element elementor-element-298c5cbc\" data-id=\"298c5cbc\" data-element_type=\"column\" data-e-type=\"column\">\n\t\t\t<div class=\"elementor-widget-wrap elementor-element-populated\">\n\t\t\t\t\t\t<div class=\"elementor-element elementor-element-4df42291 elementor-widget elementor-widget-heading\" data-id=\"4df42291\" data-element_type=\"widget\" data-e-type=\"widget\" data-widget_type=\"heading.default\">\n\t\t\t\t<div class=\"elementor-widget-container\">\n\t\t\t\t\t<h1 class=\"elementor-heading-title elementor-size-default\">Preguntas Frecuentes<\/h1>\t\t\t\t<\/div>\n\t\t\t\t<\/div>\n\t\t\t\t\t<\/div>\n\t\t<\/div>\n\t\t\t\t\t<\/div>\n\t\t<\/section>\n\t\t\t\t<section class=\"elementor-section elementor-top-section elementor-element elementor-element-cf13609 elementor-section-boxed elementor-section-height-default elementor-section-height-default\" data-id=\"cf13609\" data-element_type=\"section\" data-e-type=\"section\">\n\t\t\t\t\t\t<div class=\"elementor-container elementor-column-gap-no\">\n\t\t\t\t\t<div class=\"elementor-column elementor-col-100 elementor-top-column elementor-element elementor-element-d40828f\" data-id=\"d40828f\" data-element_type=\"column\" data-e-type=\"column\">\n\t\t\t<div class=\"elementor-widget-wrap elementor-element-populated\">\n\t\t\t\t\t\t<div class=\"elementor-element elementor-element-db4e038 elementor-widget elementor-widget-ideapark-accordion\" data-id=\"db4e038\" data-element_type=\"widget\" data-e-type=\"widget\" data-widget_type=\"ideapark-accordion.default\">\n\t\t\t\t<div class=\"elementor-widget-container\">\n\t\t\t\t\t\t\t<div class=\"c-ip-accordion\">\n\t\t\t<div class=\"c-ip-accordion__wrap c-ip-accordion__wrap--layout-1\">\n\t\t\t\t<div class=\"c-ip-accordion__list c-ip-accordion__list--layout-1\">\n\t\t\t\t\t\t\t\t\t\t<div class=\"c-ip-accordion__item c-ip-accordion__item--layout-1\">\n\t\t\t\t\t\t<a class=\"c-ip-accordion__header c-ip-accordion__header--layout-1 js-accordion-title\" href=\"\" onclick=\"return false;\">\u00bfQu\u00e9 son las venas varicosas?<i class=\"ip-right c-ip-accordion__arrow c-ip-accordion__arrow--layout-1\"><\/i><\/a>\t\t\t\t\t\t<div class=\"c-ip-accordion__content c-ip-accordion__content--layout-1\">Las venas varicosas son venas agrandadas y retorcidas que generalmente aparecen en las piernas y los pies. Ocurren cuando las v\u00e1lvulas en las venas funcionan mal, causando que la sangre se acumule y las venas se hinchen y sean visibles.<\/div>\t\t\t\t\t<\/div>\n\t\t\t\t\t\t\t\t\t\t\t\t\t\t\t<div class=\"c-ip-accordion__item c-ip-accordion__item--layout-1\">\n\t\t\t\t\t\t<a class=\"c-ip-accordion__header c-ip-accordion__header--layout-1 js-accordion-title\" href=\"\" onclick=\"return false;\">\u00bfQu\u00e9 causa las venas varicosas?<i class=\"ip-right c-ip-accordion__arrow c-ip-accordion__arrow--layout-1\"><\/i><\/a>\t\t\t\t\t\t<div class=\"c-ip-accordion__content c-ip-accordion__content--layout-1\">Las venas varicosas pueden ser causadas por varios factores, incluyendo la edad, la gen\u00e9tica, el embarazo, la obesidad, estar de pie o sentado durante mucho tiempo y los cambios hormonales. Son m\u00e1s comunes en mujeres que en hombres<\/div>\t\t\t\t\t<\/div>\n\t\t\t\t\t\t\t\t\t\t\t\t\t\t\t<div class=\"c-ip-accordion__item c-ip-accordion__item--layout-1\">\n\t\t\t\t\t\t<a class=\"c-ip-accordion__header c-ip-accordion__header--layout-1 js-accordion-title\" href=\"\" onclick=\"return false;\">\u00bfC\u00f3mo se pueden tratar las venas varicosas?<i class=\"ip-right c-ip-accordion__arrow c-ip-accordion__arrow--layout-1\"><\/i><\/a>\t\t\t\t\t\t<div class=\"c-ip-accordion__content c-ip-accordion__content--layout-1\">Las venas varicosas se pueden tratar a trav\u00e9s de procedimientos no invasivos e invasivos. Los tratamientos no invasivos incluyen cambios en el estilo de vida, medias de compresi\u00f3n y escleroterapia. Los procedimientos invasivos pueden incluir terapia con l\u00e1ser endovenoso (EVLT), ablaci\u00f3n por radiofrecuencia o intervenciones quir\u00fargicas como extracci\u00f3n o ligadura de venas.<\/div>\t\t\t\t\t<\/div>\n\t\t\t\t\t\t\t\t\t\t\t\t\t\t\t<div class=\"c-ip-accordion__item c-ip-accordion__item--layout-1\">\n\t\t\t\t\t\t<a class=\"c-ip-accordion__header c-ip-accordion__header--layout-1 js-accordion-title\" href=\"\" onclick=\"return false;\">\u00bfNecesito tratamiento para las venas varicosas?<i class=\"ip-right c-ip-accordion__arrow c-ip-accordion__arrow--layout-1\"><\/i><\/a>\t\t\t\t\t\t<div class=\"c-ip-accordion__content c-ip-accordion__content--layout-1\">El tratamiento para las venas varicosas no siempre es necesario. En algunos casos, los cambios en el estilo de vida, como hacer ejercicio regularmente, elevar las piernas y usar medias de compresi\u00f3n, pueden ayudar a aliviar los s\u00edntomas. Sin embargo, si las venas causan molestias, dolor o complicaciones, o si no est\u00e1 satisfecho con su apariencia, se puede recomendar un tratamiento.<\/div>\t\t\t\t\t<\/div>\n\t\t\t\t\t\t\t\t\t\t\t\t\t\t\t<div class=\"c-ip-accordion__item c-ip-accordion__item--layout-1\">\n\t\t\t\t\t\t<a class=\"c-ip-accordion__header c-ip-accordion__header--layout-1 js-accordion-title\" href=\"\" onclick=\"return false;\">\u00bfHay alg\u00fan riesgo asociado con el tratamiento de las venas varicosas?<i class=\"ip-right c-ip-accordion__arrow c-ip-accordion__arrow--layout-1\"><\/i><\/a>\t\t\t\t\t\t<div class=\"c-ip-accordion__content c-ip-accordion__content--layout-1\">Aunque los tratamientos para las venas varicosas son generalmente seguros, existen algunos riesgos involucrados. Estos pueden incluir hinchaz\u00f3n, infecci\u00f3n, co\u00e1gulos sangu\u00edneos, decoloraci\u00f3n de la piel y moretones. Es importante discutir los posibles riesgos con su proveedor de atenci\u00f3n m\u00e9dica antes de someterse a cualquier tratamiento.<\/div>\t\t\t\t\t<\/div>\n\t\t\t\t\t\t\t\t\t\t\t\t\t\t\t<div class=\"c-ip-accordion__item c-ip-accordion__item--layout-1\">\n\t\t\t\t\t\t<a class=\"c-ip-accordion__header c-ip-accordion__header--layout-1 js-accordion-title\" href=\"\" onclick=\"return false;\">\u00bfLos tratamientos de venas varicosas estar\u00e1n cubiertos por el seguro?<i class=\"ip-right c-ip-accordion__arrow c-ip-accordion__arrow--layout-1\"><\/i><\/a>\t\t\t\t\t\t<div class=\"c-ip-accordion__content c-ip-accordion__content--layout-1\">La cobertura para los tratamientos de venas varicosas var\u00eda seg\u00fan su p\u00f3liza de seguro y el tratamiento espec\u00edfico que se est\u00e9 considerando. En muchos casos, las compa\u00f1\u00edas de seguros requieren documentaci\u00f3n de los s\u00edntomas o complicaciones antes de aprobar la cobertura. En t\u00e9rminos generales, la mayor\u00eda de los seguros PPO y Medicare cubrir\u00e1n las venas varicosas sintom\u00e1ticas. Es mejor consultar con nuestra oficina para entender su cobertura y los requisitos de preautorizaci\u00f3n.<\/div>\t\t\t\t\t<\/div>\n\t\t\t\t\t\t\t\t\t\t\t\t\t\t\t<div class=\"c-ip-accordion__item c-ip-accordion__item--layout-1\">\n\t\t\t\t\t\t<a class=\"c-ip-accordion__header c-ip-accordion__header--layout-1 js-accordion-title\" href=\"\" onclick=\"return false;\">\u00bfHay alg\u00fan tiempo de recuperaci\u00f3n del tratamiento de venas varicosas?<i class=\"ip-right c-ip-accordion__arrow c-ip-accordion__arrow--layout-1\"><\/i><\/a>\t\t\t\t\t\t<div class=\"c-ip-accordion__content c-ip-accordion__content--layout-1\">El tiempo de recuperaci\u00f3n puede variar seg\u00fan el tipo de tratamiento. Los procedimientos no invasivos generalmente tienen per\u00edodos de recuperaci\u00f3n m\u00e1s cortos, lo que a menudo permite a los pacientes reanudar sus actividades normales el mismo d\u00eda o en unos pocos d\u00edas. Los procedimientos invasivos pueden requerir un tiempo de recuperaci\u00f3n m\u00e1s largo, que va desde unos pocos d\u00edas hasta varias semanas, durante el cual es posible que deba limitar las actividades f\u00edsicas y usar medias de compresi\u00f3n.<\/div>\t\t\t\t\t<\/div>\n\t\t\t\t\t\t\t\t\t\t\t\t\t\t\t<div class=\"c-ip-accordion__item c-ip-accordion__item--layout-1\">\n\t\t\t\t\t\t<a class=\"c-ip-accordion__header c-ip-accordion__header--layout-1 js-accordion-title\" href=\"\" onclick=\"return false;\">\u00bfPueden las venas varicosas reaparecer despu\u00e9s del tratamiento?<i class=\"ip-right c-ip-accordion__arrow c-ip-accordion__arrow--layout-1\"><\/i><\/a>\t\t\t\t\t\t<div class=\"c-ip-accordion__content c-ip-accordion__content--layout-1\">Si bien el tratamiento puede ayudar a mejorar la apariencia y los s\u00edntomas de las venas varicosas, existe la posibilidad de que se desarrollen nuevas venas en el futuro. Factores como la gen\u00e9tica, el estilo de vida y la edad pueden contribuir a la recurrencia de las venas varicosas. Sin embargo, seguir las medidas preventivas recomendadas y mantener un estilo de vida saludable puede ayudar a minimizar el riesgo de su reaparici\u00f3n.\nEs muy importante hacer un seguimiento con nuestra oficina cada 3 a 6 meses para la detecci\u00f3n temprana de cualquier vena nueva.\n<\/div>\t\t\t\t\t<\/div>\n\t\t\t\t\t\t\t\t\t\t\t\t\t\t\t<div class=\"c-ip-accordion__item c-ip-accordion__item--layout-1\">\n\t\t\t\t\t\t<a class=\"c-ip-accordion__header c-ip-accordion__header--layout-1 js-accordion-title\" href=\"\" onclick=\"return false;\">\u00bfEl tratamiento de las venas varicosas es costoso para quienes pagan en efectivo?<i class=\"ip-right c-ip-accordion__arrow c-ip-accordion__arrow--layout-1\"><\/i><\/a>\t\t\t\t\t\t<div class=\"c-ip-accordion__content c-ip-accordion__content--layout-1\">Aunque no siempre es posible prevenir completamente las venas varicosas, hay pasos que puede seguir para reducir el riesgo o retrasar su desarrollo. Estos incluyen hacer ejercicio regularmente, mantener un peso saludable, evitar sentarse o estar de pie durante per\u00edodos prolongados, elevar las piernas al descansar y usar medias de compresi\u00f3n si su proveedor de atenci\u00f3n m\u00e9dica lo recomienda.<\/div>\t\t\t\t\t<\/div>\n\t\t\t\t\t\t\t\t\t\t\t\t\t\t\t<div class=\"c-ip-accordion__item c-ip-accordion__item--layout-1\">\n\t\t\t\t\t\t<a class=\"c-ip-accordion__header c-ip-accordion__header--layout-1 js-accordion-title\" href=\"\" onclick=\"return false;\">\u00bfC\u00f3mo elijo el tratamiento adecuado para mis venas varicosas?<i class=\"ip-right c-ip-accordion__arrow c-ip-accordion__arrow--layout-1\"><\/i><\/a>\t\t\t\t\t\t<div class=\"c-ip-accordion__content c-ip-accordion__content--layout-1\">La elecci\u00f3n del tratamiento para las venas varicosas depende de varios factores, incluyendo la gravedad de su condici\u00f3n, sus s\u00edntomas y su salud general. Es importante consultar con un profesional de la salud calificado o un especialista vascular que pueda evaluar su condici\u00f3n y recomendar las opciones de tratamiento m\u00e1s apropiadas para su caso espec\u00edfico.<\/div>\t\t\t\t\t<\/div>\n\t\t\t\t\t\t\t\t\t\t\t\t\t\t<\/div>\n\t\t\t<\/div>\n\t\t<\/div>\n\t\t\t\t\t\t<\/div>\n\t\t\t\t<\/div>\n\t\t\t\t\t<\/div>\n\t\t<\/div>\n\t\t\t\t\t<\/div>\n\t\t<\/section>\n\t\t\t\t<section class=\"elementor-section elementor-top-section elementor-element elementor-element-a071e60 elementor-section-boxed elementor-section-height-default elementor-section-height-default\" data-id=\"a071e60\" data-element_type=\"section\" data-e-type=\"section\">\n\t\t\t\t\t\t<div class=\"elementor-container elementor-column-gap-default\">\n\t\t\t\t\t<div class=\"elementor-column elementor-col-100 elementor-top-column elementor-element elementor-element-e4ebdab\" data-id=\"e4ebdab\" data-element_type=\"column\" data-e-type=\"column\">\n\t\t\t<div class=\"elementor-widget-wrap\">\n\t\t\t\t\t\t\t<\/div>\n\t\t<\/div>\n\t\t\t\t\t<\/div>\n\t\t<\/section>\n\t\t\t\t<\/div>\n\t\t<style>\r\n.lwrp.link-whisper-related-posts{\r\n            \r\n            margin-top: 40px;\nmargin-bottom: 30px;\r\n        }\r\n        .lwrp .lwrp-title{\r\n            \r\n            \r\n        }.lwrp .lwrp-description{\r\n            \r\n            \r\n\r\n        }\r\n        .lwrp .lwrp-list-container{\r\n        }\r\n        .lwrp .lwrp-list-multi-container{\r\n            display: flex;\r\n        }\r\n        .lwrp .lwrp-list-double{\r\n            width: 48%;\r\n        }\r\n        .lwrp .lwrp-list-triple{\r\n            width: 32%;\r\n        }\r\n        .lwrp .lwrp-list-row-container{\r\n            display: flex;\r\n            justify-content: space-between;\r\n        }\r\n        .lwrp .lwrp-list-row-container .lwrp-list-item{\r\n            width: calc(25% - 20px);\r\n        }\r\n        .lwrp .lwrp-list-item:not(.lwrp-no-posts-message-item){\r\n            \r\n            max-width: 200px;\r\n        }\r\n        .lwrp .lwrp-list-item img{\r\n            max-width: 100%;\r\n            height: auto;\r\n            object-fit: cover;\r\n            aspect-ratio: 1 \/ 1;\r\n        }\r\n        .lwrp .lwrp-list-item.lwrp-empty-list-item{\r\n            background: initial !important;\r\n        }\r\n        .lwrp .lwrp-list-item .lwrp-list-link .lwrp-list-link-title-text,\r\n        .lwrp .lwrp-list-item .lwrp-list-no-posts-message{\r\n            \r\n            \r\n            \r\n            \r\n        }@media screen and (max-width: 480px) {\r\n            .lwrp.link-whisper-related-posts{\r\n                \r\n                \r\n            }\r\n            .lwrp .lwrp-title{\r\n                \r\n                \r\n            }.lwrp .lwrp-description{\r\n                \r\n                \r\n            }\r\n            .lwrp .lwrp-list-multi-container{\r\n                flex-direction: column;\r\n            }\r\n            .lwrp .lwrp-list-multi-container ul.lwrp-list{\r\n                margin-top: 0px;\r\n                margin-bottom: 0px;\r\n                padding-top: 0px;\r\n                padding-bottom: 0px;\r\n            }\r\n            .lwrp .lwrp-list-double,\r\n            .lwrp .lwrp-list-triple{\r\n                width: 100%;\r\n            }\r\n            .lwrp .lwrp-list-row-container{\r\n                justify-content: initial;\r\n                flex-direction: column;\r\n            }\r\n            .lwrp .lwrp-list-row-container .lwrp-list-item{\r\n                width: 100%;\r\n            }\r\n            .lwrp .lwrp-list-item:not(.lwrp-no-posts-message-item){\r\n                \r\n                max-width: initial;\r\n            }\r\n            .lwrp .lwrp-list-item .lwrp-list-link .lwrp-list-link-title-text,\r\n            .lwrp .lwrp-list-item .lwrp-list-no-posts-message{\r\n                \r\n                \r\n                \r\n                \r\n            };\r\n        }<\/style>\r\n<div id=\"link-whisper-related-posts-widget\" class=\"link-whisper-related-posts lwrp\">\r\n            <h3 class=\"lwrp-title\">Related Posts<\/h3>    \r\n        <div class=\"lwrp-list-container\">\r\n                                            <div class=\"lwrp-list-multi-container\">\r\n                    <ul class=\"lwrp-list lwrp-list-double lwrp-list-left\">\r\n                        <li class=\"lwrp-list-item\"><a href=\"https:\/\/lightslategrey-snake-537859.hostingersite.com\/2024\/01\/03\/why-varicose-veins-are-important-to-consider\/\" class=\"lwrp-list-link\"><img width=\"480\" height=\"480\" src=\"https:\/\/charmingskin.com\/wp-content\/uploads\/2024\/01\/Spider-Veins-760x760.png?wsr\" class=\"attachment-480x480 size-480x480 wp-post-image\" alt=\"Varicose Veins Are important to consider\" srcset=\"https:\/\/charmingskin.com\/wp-content\/uploads\/2024\/01\/Spider-Veins-760x760.png 760w, https:\/\/charmingskin.com\/wp-content\/uploads\/2024\/01\/Spider-Veins-460x460.png 460w, https:\/\/charmingskin.com\/wp-content\/uploads\/2024\/01\/Spider-Veins-115x115.png 115w, https:\/\/charmingskin.com\/wp-content\/uploads\/2024\/01\/Spider-Veins-12x12.png 12w, https:\/\/charmingskin.com\/wp-content\/uploads\/2024\/01\/Spider-Veins-920x920.png 920w, https:\/\/charmingskin.com\/wp-content\/uploads\/2024\/01\/Spider-Veins-145x145.png 145w, https:\/\/charmingskin.com\/wp-content\/uploads\/2024\/01\/Spider-Veins-290x290.png 290w, https:\/\/charmingskin.com\/wp-content\/uploads\/2024\/01\/Spider-Veins.png 1080w\" sizes=\"(max-width: 480px) 100vw, 480px\" title=\"\"><br><span class=\"lwrp-list-link-title-text\">Why Varicose Veins Are important to consider.<\/span><\/a><\/li><li class=\"lwrp-list-item\"><a href=\"https:\/\/lightslategrey-snake-537859.hostingersite.com\/2024\/01\/03\/why-physicians-should-consider-varicose-veins\/\" class=\"lwrp-list-link\"><img width=\"480\" height=\"480\" src=\"https:\/\/charmingskin.com\/wp-content\/uploads\/2024\/01\/Venous-Ulcers-760x760.png?wsr\" class=\"attachment-480x480 size-480x480 wp-post-image\" alt=\"Why Physicians Should Consider Varicose Veins\" srcset=\"https:\/\/charmingskin.com\/wp-content\/uploads\/2024\/01\/Venous-Ulcers-760x760.png 760w, https:\/\/charmingskin.com\/wp-content\/uploads\/2024\/01\/Venous-Ulcers-460x460.png 460w, https:\/\/charmingskin.com\/wp-content\/uploads\/2024\/01\/Venous-Ulcers-115x115.png 115w, https:\/\/charmingskin.com\/wp-content\/uploads\/2024\/01\/Venous-Ulcers-12x12.png 12w, https:\/\/charmingskin.com\/wp-content\/uploads\/2024\/01\/Venous-Ulcers-920x920.png 920w, https:\/\/charmingskin.com\/wp-content\/uploads\/2024\/01\/Venous-Ulcers-145x145.png 145w, https:\/\/charmingskin.com\/wp-content\/uploads\/2024\/01\/Venous-Ulcers-290x290.png 290w, https:\/\/charmingskin.com\/wp-content\/uploads\/2024\/01\/Venous-Ulcers.png 1080w\" sizes=\"(max-width: 480px) 100vw, 480px\" title=\"\"><br><span class=\"lwrp-list-link-title-text\">Why Physicians Should Consider Varicose Veins<\/span><\/a><\/li><li class=\"lwrp-list-item\"><a href=\"https:\/\/lightslategrey-snake-537859.hostingersite.com\/2023\/12\/28\/vein-doctor-covered-by-insurance\/\" class=\"lwrp-list-link\"><img width=\"480\" height=\"314\" src=\"https:\/\/charmingskin.com\/wp-content\/uploads\/2023\/12\/iStock-leg-scaled.jpg?wsr\" class=\"attachment-480x480 size-480x480 wp-post-image\" alt=\"Best M\u00e9dico de Varices\" srcset=\"https:\/\/charmingskin.com\/wp-content\/uploads\/2023\/12\/iStock-leg-scaled.jpg 3360w, https:\/\/charmingskin.com\/wp-content\/uploads\/2023\/12\/iStock-leg-460x301.jpg 460w, https:\/\/charmingskin.com\/wp-content\/uploads\/2023\/12\/iStock-leg-1520x995.jpg 1520w, https:\/\/charmingskin.com\/wp-content\/uploads\/2023\/12\/iStock-leg-760x498.jpg 760w, https:\/\/charmingskin.com\/wp-content\/uploads\/2023\/12\/iStock-leg-18x12.jpg 18w, https:\/\/charmingskin.com\/wp-content\/uploads\/2023\/12\/iStock-leg-920x602.jpg 920w, https:\/\/charmingskin.com\/wp-content\/uploads\/2023\/12\/iStock-leg-221x145.jpg 221w, https:\/\/charmingskin.com\/wp-content\/uploads\/2023\/12\/iStock-leg-443x290.jpg 443w\" sizes=\"(max-width: 480px) 100vw, 480px\" title=\"\"><br><span class=\"lwrp-list-link-title-text\">Vein Doctor Covered by Insurance<\/span><\/a><\/li><li class=\"lwrp-list-item\"><a href=\"https:\/\/lightslategrey-snake-537859.hostingersite.com\/2023\/12\/27\/medico-de-varices\/\" class=\"lwrp-list-link\"><img width=\"480\" height=\"314\" src=\"https:\/\/charmingskin.com\/wp-content\/uploads\/2023\/12\/iStock-leg-scaled.jpg?wsr\" class=\"attachment-480x480 size-480x480 wp-post-image\" alt=\"Best M\u00e9dico de Varices\" srcset=\"https:\/\/charmingskin.com\/wp-content\/uploads\/2023\/12\/iStock-leg-scaled.jpg 3360w, https:\/\/charmingskin.com\/wp-content\/uploads\/2023\/12\/iStock-leg-460x301.jpg 460w, https:\/\/charmingskin.com\/wp-content\/uploads\/2023\/12\/iStock-leg-1520x995.jpg 1520w, https:\/\/charmingskin.com\/wp-content\/uploads\/2023\/12\/iStock-leg-760x498.jpg 760w, https:\/\/charmingskin.com\/wp-content\/uploads\/2023\/12\/iStock-leg-18x12.jpg 18w, https:\/\/charmingskin.com\/wp-content\/uploads\/2023\/12\/iStock-leg-920x602.jpg 920w, https:\/\/charmingskin.com\/wp-content\/uploads\/2023\/12\/iStock-leg-221x145.jpg 221w, https:\/\/charmingskin.com\/wp-content\/uploads\/2023\/12\/iStock-leg-443x290.jpg 443w\" sizes=\"(max-width: 480px) 100vw, 480px\" title=\"\"><br><span class=\"lwrp-list-link-title-text\">M\u00e9dico de Varices<\/span><\/a><\/li>                    <\/ul>\r\n                    <ul class=\"lwrp-list lwrp-list-double lwrp-list-right\">\r\n                        <li class=\"lwrp-list-item\"><a href=\"https:\/\/lightslategrey-snake-537859.hostingersite.com\/2023\/12\/27\/doctor-para-venas-varicosas\/\" class=\"lwrp-list-link\"><img width=\"480\" height=\"320\" src=\"https:\/\/charmingskin.com\/wp-content\/uploads\/2023\/12\/iStock-1145186766-1-scaled.jpg?wsr\" class=\"attachment-480x480 size-480x480 wp-post-image\" alt=\"doctor para venas varicosas\" srcset=\"https:\/\/charmingskin.com\/wp-content\/uploads\/2023\/12\/iStock-1145186766-1-scaled.jpg 3360w, https:\/\/charmingskin.com\/wp-content\/uploads\/2023\/12\/iStock-1145186766-1-460x307.jpg 460w, https:\/\/charmingskin.com\/wp-content\/uploads\/2023\/12\/iStock-1145186766-1-1520x1013.jpg 1520w, https:\/\/charmingskin.com\/wp-content\/uploads\/2023\/12\/iStock-1145186766-1-760x507.jpg 760w, https:\/\/charmingskin.com\/wp-content\/uploads\/2023\/12\/iStock-1145186766-1-18x12.jpg 18w, https:\/\/charmingskin.com\/wp-content\/uploads\/2023\/12\/iStock-1145186766-1-920x613.jpg 920w, https:\/\/charmingskin.com\/wp-content\/uploads\/2023\/12\/iStock-1145186766-1-218x145.jpg 218w, https:\/\/charmingskin.com\/wp-content\/uploads\/2023\/12\/iStock-1145186766-1-435x290.jpg 435w\" sizes=\"(max-width: 480px) 100vw, 480px\" title=\"\"><br><span class=\"lwrp-list-link-title-text\">doctor para venas varicosas<\/span><\/a><\/li><li class=\"lwrp-list-item\"><a href=\"https:\/\/lightslategrey-snake-537859.hostingersite.com\/2023\/12\/26\/venas-varicosas-tratamiento\/\" class=\"lwrp-list-link\"><img width=\"381\" height=\"480\" src=\"https:\/\/charmingskin.com\/wp-content\/uploads\/2023\/12\/4722-varicose-veins-illustration.webp?wsr\" class=\"attachment-480x480 size-480x480 wp-post-image\" alt=\"Venas Varicosas Tratamiento\" srcset=\"https:\/\/charmingskin.com\/wp-content\/uploads\/2023\/12\/4722-varicose-veins-illustration.webp 800w, https:\/\/charmingskin.com\/wp-content\/uploads\/2023\/12\/4722-varicose-veins-illustration-460x579.webp 460w, https:\/\/charmingskin.com\/wp-content\/uploads\/2023\/12\/4722-varicose-veins-illustration-760x957.webp 760w, https:\/\/charmingskin.com\/wp-content\/uploads\/2023\/12\/4722-varicose-veins-illustration-10x12.webp 10w, https:\/\/charmingskin.com\/wp-content\/uploads\/2023\/12\/4722-varicose-veins-illustration-115x145.webp 115w, https:\/\/charmingskin.com\/wp-content\/uploads\/2023\/12\/4722-varicose-veins-illustration-230x290.webp 230w\" sizes=\"(max-width: 381px) 100vw, 381px\" title=\"\"><br><span class=\"lwrp-list-link-title-text\">Venas Varicosas Tratamiento<\/span><\/a><\/li><li class=\"lwrp-list-item\"><a href=\"https:\/\/lightslategrey-snake-537859.hostingersite.com\/2023\/12\/25\/vein-specialist\/\" class=\"lwrp-list-link\"><img width=\"480\" height=\"480\" src=\"https:\/\/charmingskin.com\/wp-content\/uploads\/2023\/12\/IMG-20231208-WA0027-1-760x760.jpg?wsr\" class=\"attachment-480x480 size-480x480 wp-post-image\" alt=\"The vein specialist\" srcset=\"https:\/\/charmingskin.com\/wp-content\/uploads\/2023\/12\/IMG-20231208-WA0027-1-760x760.jpg 760w, https:\/\/charmingskin.com\/wp-content\/uploads\/2023\/12\/IMG-20231208-WA0027-1-460x460.jpg 460w, https:\/\/charmingskin.com\/wp-content\/uploads\/2023\/12\/IMG-20231208-WA0027-1-115x115.jpg 115w, https:\/\/charmingskin.com\/wp-content\/uploads\/2023\/12\/IMG-20231208-WA0027-1-12x12.jpg 12w, https:\/\/charmingskin.com\/wp-content\/uploads\/2023\/12\/IMG-20231208-WA0027-1-920x920.jpg 920w, https:\/\/charmingskin.com\/wp-content\/uploads\/2023\/12\/IMG-20231208-WA0027-1-145x145.jpg 145w, https:\/\/charmingskin.com\/wp-content\/uploads\/2023\/12\/IMG-20231208-WA0027-1-290x290.jpg 290w, https:\/\/charmingskin.com\/wp-content\/uploads\/2023\/12\/IMG-20231208-WA0027-1.jpg 1024w\" sizes=\"(max-width: 480px) 100vw, 480px\" title=\"\"><br><span class=\"lwrp-list-link-title-text\">Vein Specialist<\/span><\/a><\/li><li class=\"lwrp-list-item\"><a href=\"https:\/\/lightslategrey-snake-537859.hostingersite.com\/2023\/12\/24\/vein-specialist-doctor-near-me\/\" class=\"lwrp-list-link\"><img width=\"480\" height=\"480\" src=\"https:\/\/charmingskin.com\/wp-content\/uploads\/2023\/12\/IMG-20231208-WA0035.jpg?wsr\" class=\"attachment-480x480 size-480x480 wp-post-image\" alt=\"The best vein specialist doctor near me\" srcset=\"https:\/\/charmingskin.com\/wp-content\/uploads\/2023\/12\/IMG-20231208-WA0035.jpg 519w, https:\/\/charmingskin.com\/wp-content\/uploads\/2023\/12\/IMG-20231208-WA0035-460x460.jpg 460w, https:\/\/charmingskin.com\/wp-content\/uploads\/2023\/12\/IMG-20231208-WA0035-115x115.jpg 115w, https:\/\/charmingskin.com\/wp-content\/uploads\/2023\/12\/IMG-20231208-WA0035-12x12.jpg 12w, https:\/\/charmingskin.com\/wp-content\/uploads\/2023\/12\/IMG-20231208-WA0035-145x145.jpg 145w, https:\/\/charmingskin.com\/wp-content\/uploads\/2023\/12\/IMG-20231208-WA0035-290x290.jpg 290w\" sizes=\"(max-width: 480px) 100vw, 480px\" title=\"\"><br><span class=\"lwrp-list-link-title-text\">vein specialist doctor near me<\/span><\/a><\/li>                    <\/ul>\r\n                <\/div>\r\n                        <\/div>\r\n<\/div>","protected":false},"excerpt":{"rendered":"<p>FAQ What are varicose veins? Varicose veins are enlarged, twisted veins that usually appear on the legs and feet. They occur when&hellip;<\/p>","protected":false},"author":5,"featured_media":0,"parent":0,"menu_order":0,"comment_status":"closed","ping_status":"closed","template":"elementor_header_footer","meta":{"footnotes":""},"class_list":["post-4728","page","type-page","status-publish","hentry"],"_links":{"self":[{"href":"https:\/\/charmingskin.com\/es\/wp-json\/wp\/v2\/pages\/4728","targetHints":{"allow":["GET"]}}],"collection":[{"href":"https:\/\/charmingskin.com\/es\/wp-json\/wp\/v2\/pages"}],"about":[{"href":"https:\/\/charmingskin.com\/es\/wp-json\/wp\/v2\/types\/page"}],"author":[{"embeddable":true,"href":"https:\/\/charmingskin.com\/es\/wp-json\/wp\/v2\/users\/5"}],"replies":[{"embeddable":true,"href":"https:\/\/charmingskin.com\/es\/wp-json\/wp\/v2\/comments?post=4728"}],"version-history":[{"count":25,"href":"https:\/\/charmingskin.com\/es\/wp-json\/wp\/v2\/pages\/4728\/revisions"}],"predecessor-version":[{"id":11297,"href":"https:\/\/charmingskin.com\/es\/wp-json\/wp\/v2\/pages\/4728\/revisions\/11297"}],"wp:attachment":[{"href":"https:\/\/charmingskin.com\/es\/wp-json\/wp\/v2\/media?parent=4728"}],"curies":[{"name":"wp","href":"https:\/\/api.w.org\/{rel}","templated":true}]}}