{"id":3268,"date":"2023-06-14T02:36:40","date_gmt":"2023-06-14T07:36:40","guid":{"rendered":"https:\/\/f4af1f18a3.nxcli.io\/?page_id=3268"},"modified":"2026-02-11T19:41:10","modified_gmt":"2026-02-12T01:41:10","slug":"endovenous-laser-treatment","status":"publish","type":"page","link":"https:\/\/charmingskin.com\/es\/endovenous-laser-treatment\/","title":{"rendered":"Tratamiento con l\u00e1ser endovenoso"},"content":{"rendered":"<div data-elementor-type=\"wp-page\" data-elementor-id=\"3268\" class=\"elementor elementor-3268\" data-elementor-post-type=\"page\">\n\t\t\t\t\t\t<section class=\"elementor-section elementor-top-section elementor-element elementor-element-2e64c697 elementor-section-boxed elementor-section-height-default elementor-section-height-default\" data-id=\"2e64c697\" data-element_type=\"section\" data-e-type=\"section\" data-settings=\"{&quot;background_background&quot;:&quot;classic&quot;}\">\n\t\t\t\t\t\t<div class=\"elementor-container elementor-column-gap-no\">\n\t\t\t\t\t<div class=\"elementor-column elementor-col-100 elementor-top-column elementor-element elementor-element-f2057a0\" data-id=\"f2057a0\" data-element_type=\"column\" data-e-type=\"column\">\n\t\t\t<div class=\"elementor-widget-wrap elementor-element-populated\">\n\t\t\t\t\t\t<div class=\"elementor-element elementor-element-3fb376e0 elementor-widget elementor-widget-heading\" data-id=\"3fb376e0\" data-element_type=\"widget\" data-e-type=\"widget\" data-widget_type=\"heading.default\">\n\t\t\t\t<div class=\"elementor-widget-container\">\n\t\t\t\t\t<h1 class=\"elementor-heading-title elementor-size-default\">Tratamiento con l\u00e1ser endovenoso<\/h1>\t\t\t\t<\/div>\n\t\t\t\t<\/div>\n\t\t\t\t<section class=\"elementor-section elementor-inner-section elementor-element elementor-element-34b23608 elementor-section-boxed elementor-section-height-default elementor-section-height-default\" data-id=\"34b23608\" data-element_type=\"section\" data-e-type=\"section\">\n\t\t\t\t\t\t<div class=\"elementor-container elementor-column-gap-default\">\n\t\t\t\t\t<div class=\"elementor-column elementor-col-50 elementor-inner-column elementor-element elementor-element-65a932f0\" data-id=\"65a932f0\" data-element_type=\"column\" data-e-type=\"column\">\n\t\t\t<div class=\"elementor-widget-wrap elementor-element-populated\">\n\t\t\t\t\t\t<div class=\"elementor-element elementor-element-46e9b49c elementor-widget elementor-widget-image\" data-id=\"46e9b49c\" data-element_type=\"widget\" data-e-type=\"widget\" data-widget_type=\"image.default\">\n\t\t\t\t<div class=\"elementor-widget-container\">\n\t\t\t\t\t\t\t\t\t\t\t\t\t\t\t<img fetchpriority=\"high\" decoding=\"async\" width=\"1160\" height=\"794\" src=\"https:\/\/charmingskin.com\/wp-content\/uploads\/2023\/06\/WhatsApp-Image-2023-06-11-at-3.36.50-AM-1520x1041.jpeg?wsr\" class=\"attachment-large size-large wp-image-3462\" alt=\"The Endovenous Laser Treatment\" srcset=\"https:\/\/charmingskin.com\/wp-content\/uploads\/2023\/06\/WhatsApp-Image-2023-06-11-at-3.36.50-AM-1520x1041.jpeg 1520w, https:\/\/charmingskin.com\/wp-content\/uploads\/2023\/06\/WhatsApp-Image-2023-06-11-at-3.36.50-AM-920x630.jpeg 920w\" sizes=\"(max-width: 1160px) 100vw, 1160px\" title=\"\">\t\t\t\t\t\t\t\t\t\t\t\t\t\t\t<\/div>\n\t\t\t\t<\/div>\n\t\t\t\t\t<\/div>\n\t\t<\/div>\n\t\t\t\t<div class=\"elementor-column elementor-col-50 elementor-inner-column elementor-element elementor-element-5ef5a0a1\" data-id=\"5ef5a0a1\" data-element_type=\"column\" data-e-type=\"column\">\n\t\t\t<div class=\"elementor-widget-wrap elementor-element-populated\">\n\t\t\t\t\t\t<div class=\"elementor-element elementor-element-4c8f928c elementor-widget elementor-widget-text-editor\" data-id=\"4c8f928c\" data-element_type=\"widget\" data-e-type=\"widget\" data-widget_type=\"text-editor.default\">\n\t\t\t\t<div class=\"elementor-widget-container\">\n\t\t\t\t\t\t\t\t\t<h2>C\u00d3MO FUNCIONA EVLT<\/h2><p>Endovenous laser treatment (EVLT) is a minimally invasive procedure for treating <a href=\"https:\/\/en.wikipedia.org\/wiki\/Varicose_veins\" target=\"_blank\" rel=\"noopener nofollow\">varicose veins<\/a>. The procedure is performed under ultrasound guidance, where a laser fiber is inserted into the affected vein through a small incision. The surrounding area is numbed to reduce discomfort, and the laser is fired to ablate or destroy the vein. This causes the vein to collapse and ultimately fade away. The procedure typically takes about 30-60 minutes and is done outpatient.<\/p><p>Algunas complicaciones comunes del EVLT incluyen moretones, hinchaz\u00f3n y molestias leves. Sin embargo, estos suelen ser temporales y desaparecen en unos pocos d\u00edas. Por lo general, los pacientes pueden reanudar sus actividades normales inmediatamente despu\u00e9s del procedimiento. En general, el EVLT se considera una opci\u00f3n de tratamiento segura y eficaz para las venas varicosas, con altas tasas de \u00e9xito y bajo riesgo de complicaciones. <a href=\"https:\/\/charmingskin.com\/es\/2023\/09\/24\/vein-clinics\/\">EVLT<\/a> is considered a safe and effective treatment option for varicose veins, with high success rates and low risk of complications.<\/p><p>Nuestro equipo ha realizado miles de procedimientos exitosos en los \u00faltimos a\u00f1os. Lea m\u00e1s abajo.<\/p>\t\t\t\t\t\t\t\t<\/div>\n\t\t\t\t<\/div>\n\t\t\t\t\t<\/div>\n\t\t<\/div>\n\t\t\t\t\t<\/div>\n\t\t<\/section>\n\t\t\t\t\t<\/div>\n\t\t<\/div>\n\t\t\t\t\t<\/div>\n\t\t<\/section>\n\t\t\t\t<section class=\"elementor-section elementor-top-section elementor-element elementor-element-334710f elementor-section-boxed elementor-section-height-default elementor-section-height-default\" data-id=\"334710f\" data-element_type=\"section\" data-e-type=\"section\">\n\t\t\t\t\t\t<div class=\"elementor-container elementor-column-gap-default\">\n\t\t\t\t\t<div class=\"elementor-column elementor-col-100 elementor-top-column elementor-element elementor-element-e808f99\" data-id=\"e808f99\" data-element_type=\"column\" data-e-type=\"column\">\n\t\t\t<div class=\"elementor-widget-wrap elementor-element-populated\">\n\t\t\t\t\t\t<div class=\"elementor-element elementor-element-ab10f56 elementor-widget elementor-widget-text-editor\" data-id=\"ab10f56\" data-element_type=\"widget\" data-e-type=\"widget\" data-widget_type=\"text-editor.default\">\n\t\t\t\t<div class=\"elementor-widget-container\">\n\t\t\t\t\t\t\t\t\t<h2><strong>EVLT-<\/strong><strong style=\"color: var(--text-color); font-family: var(--font-text);\">Tratamiento con l\u00e1ser endovenoso<\/strong><strong style=\"background-color: var(--background-color); color: var(--text-color); font-family: var(--font-text);\">: Charm Your Vein Care<\/strong><\/h2><p>Are you seeking a modern and effective solution for <a href=\"https:\/\/charmingskin.com\/es\/2023\/09\/21\/recurrent-varicose-veins\/\">vein issues like varicose<\/a> veins? Look no further than Endovenous Laser Treatment (EVLT) offered at Charming Skin and <a href=\"https:\/\/charmingskin.com\/es\/2023\/10\/03\/your-go-to-vein-clinic-near-me\/\">Vein Clinic<\/a>. In this comprehensive guide, we&#8217;ll explore the benefits of EVLT and why choosing our Diode laser technology sets us apart in the world of vein care.<\/p><h2><strong>Comprender el tratamiento con l\u00e1ser endovenoso (EVLT)<\/strong><\/h2><p>El tratamiento con l\u00e1ser endvenoso (EVLT) es un procedimiento m\u00ednimamente invasivo dise\u00f1ado para tratar las venas varicosas y mejorar la salud de las venas. Esta t\u00e9cnica de vanguardia utiliza la energ\u00eda l\u00e1ser para cerrar las venas problem\u00e1ticas desde el interior, redirigiendo eficazmente el flujo sangu\u00edneo a venas m\u00e1s sanas.<\/p><h2><strong>\u00bfPor qu\u00e9 elegir EVLT en Charming Skin and Vein Clinic?<\/strong><\/h2><ol><li><h3><strong>Tecnolog\u00eda l\u00e1ser de diodo avanzada:<\/strong><\/h3><ul><li>En Charming Skin and Vein Clinic, utilizamos tecnolog\u00eda l\u00e1ser de diodo de \u00faltima generaci\u00f3n para EVLT. El l\u00e1ser de diodo proporciona energ\u00eda precisa y consistente, lo que garantiza resultados \u00f3ptimos.<\/li><\/ul><\/li><li><h3><strong>M\u00ednimamente invasiva:<\/strong><\/h3><ul><li>EVLT es un procedimiento m\u00ednimamente invasivo que normalmente requiere solo una peque\u00f1a incisi\u00f3n, lo que conduce a una incomodidad m\u00ednima y a una recuperaci\u00f3n m\u00e1s r\u00e1pida que las cirug\u00edas venosas tradicionales.<\/li><\/ul><\/li><li><h3><strong>Alta tasa de \u00e9xito:<\/strong><\/h3><ul><li>Nuestro EVLT con l\u00e1ser de diodo cuenta con una alta tasa de \u00e9xito en el tratamiento de las venas varicosas, aliviando s\u00edntomas como dolor, hinchaz\u00f3n y decoloraci\u00f3n de la piel.<\/li><\/ul><\/li><li><h3><strong>R\u00e1pido y eficiente:<\/strong><\/h3><ul><li>Las sesiones de diodo l\u00e1ser EVLT suelen ser r\u00e1pidas y eficientes, lo que le permite volver a sus actividades diarias con un tiempo de inactividad m\u00ednimo.<\/li><\/ul><\/li><\/ol><h2><strong>Preguntas frecuentes sobre EVLT:<\/strong><\/h2><h3><em>P: \u00bfEs doloroso el EVLT?<\/em><\/h3><p>R: La mayor\u00eda de los pacientes reportan solo una incomodidad m\u00ednima durante y despu\u00e9s del procedimiento. Nuestro equipo toma todas las medidas para garantizar su comodidad.<\/p><h3><em>P: \u00bfCu\u00e1nto dura una sesi\u00f3n de EVLT?<\/em><\/h3><p>R: La duraci\u00f3n del procedimiento var\u00eda dependiendo del tama\u00f1o y la ubicaci\u00f3n de la vena tratada. Sin embargo, la mayor\u00eda de las sesiones se completan en una hora.<\/p><h3><em>P: \u00bfLos resultados son permanentes?<\/em><\/h3><p>R: EVLT proporciona resultados duraderos, reduciendo significativamente los s\u00edntomas de las venas varicosas. Si bien pueden desarrollarse nuevas venas con el tiempo, las venas tratadas normalmente no regresan.<\/p><h2><strong>Experimenta los beneficios de EVLT<\/strong><\/h2><p>En Charming Skin and Vein Clinic, nos comprometemos a proporcionarle el cuidado de venas m\u00e1s avanzado y eficaz. Nuestro EVLT con l\u00e1ser de diodo ofrece una soluci\u00f3n segura y eficiente para las venas varicosas, ayud\u00e1ndole a recuperar la comodidad y la confianza.<\/p><p>Ready to take the first step towards healthier veins and a happier you? Contact us today to schedule a consultation and discover why Diode laser-powered Endovenous Laser <a href=\"https:\/\/charmingskin.com\/es\/vein-treatment-clinic-chicago\/\">Treatment at Charming Skin and Vein Clinic<\/a> is the superior choice for lasting results. Your journey to better vein health begins here.<\/p>\t\t\t\t\t\t\t\t<\/div>\n\t\t\t\t<\/div>\n\t\t\t\t\t<\/div>\n\t\t<\/div>\n\t\t\t\t\t<\/div>\n\t\t<\/section>\n\t\t\t\t<section class=\"elementor-section elementor-top-section elementor-element elementor-element-14cc58b elementor-section-boxed elementor-section-height-default elementor-section-height-default\" data-id=\"14cc58b\" data-element_type=\"section\" data-e-type=\"section\">\n\t\t\t\t\t\t<div class=\"elementor-container elementor-column-gap-no\">\n\t\t\t\t\t<div class=\"elementor-column elementor-col-100 elementor-top-column elementor-element elementor-element-25c2112\" data-id=\"25c2112\" data-element_type=\"column\" data-e-type=\"column\">\n\t\t\t<div class=\"elementor-widget-wrap elementor-element-populated\">\n\t\t\t\t\t\t<div class=\"elementor-element elementor-element-7eb34e9 elementor-widget elementor-widget-heading\" data-id=\"7eb34e9\" data-element_type=\"widget\" data-e-type=\"widget\" data-widget_type=\"heading.default\">\n\t\t\t\t<div class=\"elementor-widget-container\">\n\t\t\t\t\t<h2 class=\"elementor-heading-title elementor-size-default\">Nuestros Otros Servicios<\/h2>\t\t\t\t<\/div>\n\t\t\t\t<\/div>\n\t\t\t\t<div class=\"elementor-element elementor-element-b2557bd linkk elementor-widget elementor-widget-text-editor\" data-id=\"b2557bd\" data-element_type=\"widget\" data-e-type=\"widget\" data-widget_type=\"text-editor.default\">\n\t\t\t\t<div class=\"elementor-widget-container\">\n\t\t\t\t\t\t\t\t\t<p><a href=\"https:\/\/charmingskin.com\/es\/varicose-veins\/\">Venas Varicosa<\/a>\u00a0\/ <a href=\"https:\/\/charmingskin.com\/es\/sclerotherapy\/\">escleroterapia<\/a> \/ <a href=\"https:\/\/charmingskin.com\/es\/spider-veins\/\">venas de ara\u00f1a<\/a><\/p>\t\t\t\t\t\t\t\t<\/div>\n\t\t\t\t<\/div>\n\t\t\t\t\t<\/div>\n\t\t<\/div>\n\t\t\t\t\t<\/div>\n\t\t<\/section>\n\t\t\t\t<\/div>\n\t\t<style>\r\n.lwrp.link-whisper-related-posts{\r\n            \r\n            margin-top: 40px;\nmargin-bottom: 30px;\r\n        }\r\n        .lwrp .lwrp-title{\r\n            \r\n            \r\n        }.lwrp .lwrp-description{\r\n            \r\n            \r\n\r\n        }\r\n        .lwrp .lwrp-list-container{\r\n        }\r\n        .lwrp .lwrp-list-multi-container{\r\n            display: flex;\r\n        }\r\n        .lwrp .lwrp-list-double{\r\n            width: 48%;\r\n        }\r\n        .lwrp .lwrp-list-triple{\r\n            width: 32%;\r\n        }\r\n        .lwrp .lwrp-list-row-container{\r\n            display: flex;\r\n            justify-content: space-between;\r\n        }\r\n        .lwrp .lwrp-list-row-container .lwrp-list-item{\r\n            width: calc(25% - 20px);\r\n        }\r\n        .lwrp .lwrp-list-item:not(.lwrp-no-posts-message-item){\r\n            \r\n            max-width: 200px;\r\n        }\r\n        .lwrp .lwrp-list-item img{\r\n            max-width: 100%;\r\n            height: auto;\r\n            object-fit: cover;\r\n            aspect-ratio: 1 \/ 1;\r\n        }\r\n        .lwrp .lwrp-list-item.lwrp-empty-list-item{\r\n            background: initial !important;\r\n        }\r\n        .lwrp .lwrp-list-item .lwrp-list-link .lwrp-list-link-title-text,\r\n        .lwrp .lwrp-list-item .lwrp-list-no-posts-message{\r\n            \r\n            \r\n            \r\n            \r\n        }@media screen and (max-width: 480px) {\r\n            .lwrp.link-whisper-related-posts{\r\n                \r\n                \r\n            }\r\n            .lwrp .lwrp-title{\r\n                \r\n                \r\n            }.lwrp .lwrp-description{\r\n                \r\n                \r\n            }\r\n            .lwrp .lwrp-list-multi-container{\r\n                flex-direction: column;\r\n            }\r\n            .lwrp .lwrp-list-multi-container ul.lwrp-list{\r\n                margin-top: 0px;\r\n                margin-bottom: 0px;\r\n                padding-top: 0px;\r\n                padding-bottom: 0px;\r\n            }\r\n            .lwrp .lwrp-list-double,\r\n            .lwrp .lwrp-list-triple{\r\n                width: 100%;\r\n            }\r\n            .lwrp .lwrp-list-row-container{\r\n                justify-content: initial;\r\n                flex-direction: column;\r\n            }\r\n            .lwrp .lwrp-list-row-container .lwrp-list-item{\r\n                width: 100%;\r\n            }\r\n            .lwrp .lwrp-list-item:not(.lwrp-no-posts-message-item){\r\n                \r\n                max-width: initial;\r\n            }\r\n            .lwrp .lwrp-list-item .lwrp-list-link .lwrp-list-link-title-text,\r\n            .lwrp .lwrp-list-item .lwrp-list-no-posts-message{\r\n                \r\n                \r\n                \r\n                \r\n            };\r\n        }<\/style>\r\n<div id=\"link-whisper-related-posts-widget\" class=\"link-whisper-related-posts lwrp\">\r\n            <h3 class=\"lwrp-title\">Related Posts<\/h3>    \r\n        <div class=\"lwrp-list-container\">\r\n                                            <div class=\"lwrp-list-multi-container\">\r\n                    <ul class=\"lwrp-list lwrp-list-double lwrp-list-left\">\r\n                        <li class=\"lwrp-list-item\"><a href=\"https:\/\/lightslategrey-snake-537859.hostingersite.com\/2024\/01\/07\/varicose-veins-risk-factors\/\" class=\"lwrp-list-link\"><img width=\"480\" height=\"480\" src=\"https:\/\/charmingskin.com\/wp-content\/uploads\/2024\/01\/Varicose-Veins-760x760.webp?wsr\" class=\"attachment-480x480 size-480x480 wp-post-image\" alt=\"Best Varicose veins risk factors\" srcset=\"https:\/\/charmingskin.com\/wp-content\/uploads\/2024\/01\/Varicose-Veins-760x760.webp 760w, https:\/\/charmingskin.com\/wp-content\/uploads\/2024\/01\/Varicose-Veins-460x460.webp 460w, https:\/\/charmingskin.com\/wp-content\/uploads\/2024\/01\/Varicose-Veins-115x115.webp 115w, https:\/\/charmingskin.com\/wp-content\/uploads\/2024\/01\/Varicose-Veins-12x12.webp 12w, https:\/\/charmingskin.com\/wp-content\/uploads\/2024\/01\/Varicose-Veins-920x920.webp 920w, https:\/\/charmingskin.com\/wp-content\/uploads\/2024\/01\/Varicose-Veins-145x145.webp 145w, https:\/\/charmingskin.com\/wp-content\/uploads\/2024\/01\/Varicose-Veins-290x290.webp 290w, https:\/\/charmingskin.com\/wp-content\/uploads\/2024\/01\/Varicose-Veins.webp 1080w\" sizes=\"(max-width: 480px) 100vw, 480px\" title=\"\"><br><span class=\"lwrp-list-link-title-text\">Varicose veins risk factors<\/span><\/a><\/li><li class=\"lwrp-list-item\"><a href=\"https:\/\/lightslategrey-snake-537859.hostingersite.com\/2024\/01\/05\/varicose-veins-natural-treatment\/\" class=\"lwrp-list-link\"><img width=\"480\" height=\"480\" src=\"https:\/\/charmingskin.com\/wp-content\/uploads\/2024\/01\/imgi_49_IMG-20231208-WA0032-1.webp?wsr\" class=\"attachment-480x480 size-480x480 wp-post-image\" alt=\"\" srcset=\"https:\/\/charmingskin.com\/wp-content\/uploads\/2024\/01\/imgi_49_IMG-20231208-WA0032-1.webp 519w, https:\/\/charmingskin.com\/wp-content\/uploads\/2024\/01\/imgi_49_IMG-20231208-WA0032-1-460x460.webp 460w, https:\/\/charmingskin.com\/wp-content\/uploads\/2024\/01\/imgi_49_IMG-20231208-WA0032-1-115x115.webp 115w, https:\/\/charmingskin.com\/wp-content\/uploads\/2024\/01\/imgi_49_IMG-20231208-WA0032-1-145x145.webp 145w, https:\/\/charmingskin.com\/wp-content\/uploads\/2024\/01\/imgi_49_IMG-20231208-WA0032-1-290x290.webp 290w\" sizes=\"(max-width: 480px) 100vw, 480px\" title=\"\"><br><span class=\"lwrp-list-link-title-text\">Varicose Veins Natural Treatment<\/span><\/a><\/li><li class=\"lwrp-list-item\"><a href=\"https:\/\/lightslategrey-snake-537859.hostingersite.com\/2024\/01\/05\/varicose-veins-laser-treatment\/\" class=\"lwrp-list-link\"><img width=\"480\" height=\"358\" src=\"https:\/\/charmingskin.com\/wp-content\/uploads\/2023\/10\/shutterstock-EVLT1-scaled.jpg?wsr\" class=\"attachment-480x480 size-480x480 wp-post-image\" alt=\"The best Varicose Veins Laser Treatment\" srcset=\"https:\/\/charmingskin.com\/wp-content\/uploads\/2023\/10\/shutterstock-EVLT1-scaled.jpg 3360w, https:\/\/charmingskin.com\/wp-content\/uploads\/2023\/10\/shutterstock-EVLT1-460x343.jpg 460w, https:\/\/charmingskin.com\/wp-content\/uploads\/2023\/10\/shutterstock-EVLT1-1520x1132.jpg 1520w, https:\/\/charmingskin.com\/wp-content\/uploads\/2023\/10\/shutterstock-EVLT1-760x566.jpg 760w, https:\/\/charmingskin.com\/wp-content\/uploads\/2023\/10\/shutterstock-EVLT1-16x12.jpg 16w, https:\/\/charmingskin.com\/wp-content\/uploads\/2023\/10\/shutterstock-EVLT1-920x685.jpg 920w, https:\/\/charmingskin.com\/wp-content\/uploads\/2023\/10\/shutterstock-EVLT1-195x145.jpg 195w, https:\/\/charmingskin.com\/wp-content\/uploads\/2023\/10\/shutterstock-EVLT1-389x290.jpg 389w\" sizes=\"(max-width: 480px) 100vw, 480px\" title=\"\"><br><span class=\"lwrp-list-link-title-text\">Varicose Veins Laser Treatment<\/span><\/a><\/li><li class=\"lwrp-list-item\"><a href=\"https:\/\/lightslategrey-snake-537859.hostingersite.com\/2024\/01\/04\/varicose-veins-compression-stockings\/\" class=\"lwrp-list-link\"><img width=\"480\" height=\"480\" src=\"https:\/\/charmingskin.com\/wp-content\/uploads\/2023\/12\/IMG-20231208-WA0030-1.jpg?wsr\" class=\"attachment-480x480 size-480x480 wp-post-image\" alt=\"The Varicose Veins Compression Stockings\" srcset=\"https:\/\/charmingskin.com\/wp-content\/uploads\/2023\/12\/IMG-20231208-WA0030-1.jpg 519w, https:\/\/charmingskin.com\/wp-content\/uploads\/2023\/12\/IMG-20231208-WA0030-1-460x460.jpg 460w, https:\/\/charmingskin.com\/wp-content\/uploads\/2023\/12\/IMG-20231208-WA0030-1-115x115.jpg 115w, https:\/\/charmingskin.com\/wp-content\/uploads\/2023\/12\/IMG-20231208-WA0030-1-12x12.jpg 12w, https:\/\/charmingskin.com\/wp-content\/uploads\/2023\/12\/IMG-20231208-WA0030-1-145x145.jpg 145w, https:\/\/charmingskin.com\/wp-content\/uploads\/2023\/12\/IMG-20231208-WA0030-1-290x290.jpg 290w\" sizes=\"(max-width: 480px) 100vw, 480px\" title=\"\"><br><span class=\"lwrp-list-link-title-text\">Varicose Veins Compression Stockings<\/span><\/a><\/li>                    <\/ul>\r\n                    <ul class=\"lwrp-list lwrp-list-double lwrp-list-right\">\r\n                        <li class=\"lwrp-list-item\"><a href=\"https:\/\/lightslategrey-snake-537859.hostingersite.com\/2024\/01\/04\/varicose-veins-exercises\/\" class=\"lwrp-list-link\"><img width=\"480\" height=\"480\" src=\"https:\/\/charmingskin.com\/wp-content\/uploads\/2023\/12\/IMG-20231208-WA0029-1.jpg?wsr\" class=\"attachment-480x480 size-480x480 wp-post-image\" alt=\"Varicose veins exercises\" srcset=\"https:\/\/charmingskin.com\/wp-content\/uploads\/2023\/12\/IMG-20231208-WA0029-1.jpg 519w, https:\/\/charmingskin.com\/wp-content\/uploads\/2023\/12\/IMG-20231208-WA0029-1-460x460.jpg 460w, https:\/\/charmingskin.com\/wp-content\/uploads\/2023\/12\/IMG-20231208-WA0029-1-115x115.jpg 115w, https:\/\/charmingskin.com\/wp-content\/uploads\/2023\/12\/IMG-20231208-WA0029-1-12x12.jpg 12w, https:\/\/charmingskin.com\/wp-content\/uploads\/2023\/12\/IMG-20231208-WA0029-1-145x145.jpg 145w, https:\/\/charmingskin.com\/wp-content\/uploads\/2023\/12\/IMG-20231208-WA0029-1-290x290.jpg 290w\" sizes=\"(max-width: 480px) 100vw, 480px\" title=\"\"><br><span class=\"lwrp-list-link-title-text\">Varicose veins exercises<\/span><\/a><\/li><li class=\"lwrp-list-item\"><a href=\"https:\/\/lightslategrey-snake-537859.hostingersite.com\/2024\/01\/04\/varicose-veins-removal\/\" class=\"lwrp-list-link\"><img width=\"480\" height=\"480\" src=\"https:\/\/charmingskin.com\/wp-content\/uploads\/2024\/01\/Sclerotheraphy-760x760.png?wsr\" class=\"attachment-480x480 size-480x480 wp-post-image\" alt=\"Varicose Veins Removal\" srcset=\"https:\/\/charmingskin.com\/wp-content\/uploads\/2024\/01\/Sclerotheraphy-760x760.png 760w, https:\/\/charmingskin.com\/wp-content\/uploads\/2024\/01\/Sclerotheraphy-460x460.png 460w, https:\/\/charmingskin.com\/wp-content\/uploads\/2024\/01\/Sclerotheraphy-115x115.png 115w, https:\/\/charmingskin.com\/wp-content\/uploads\/2024\/01\/Sclerotheraphy-12x12.png 12w, https:\/\/charmingskin.com\/wp-content\/uploads\/2024\/01\/Sclerotheraphy-920x920.png 920w, https:\/\/charmingskin.com\/wp-content\/uploads\/2024\/01\/Sclerotheraphy-145x145.png 145w, https:\/\/charmingskin.com\/wp-content\/uploads\/2024\/01\/Sclerotheraphy-290x290.png 290w, https:\/\/charmingskin.com\/wp-content\/uploads\/2024\/01\/Sclerotheraphy.png 1080w\" sizes=\"(max-width: 480px) 100vw, 480px\" title=\"\"><br><span class=\"lwrp-list-link-title-text\">Varicose Veins Removal<\/span><\/a><\/li><li class=\"lwrp-list-item\"><a href=\"https:\/\/lightslategrey-snake-537859.hostingersite.com\/2024\/01\/04\/varicose-veins-surgery\/\" class=\"lwrp-list-link\"><img width=\"480\" height=\"480\" src=\"https:\/\/charmingskin.com\/wp-content\/uploads\/2024\/01\/EVLT-760x760.png?wsr\" class=\"attachment-480x480 size-480x480 wp-post-image\" alt=\"Varicose veins surgery\" srcset=\"https:\/\/charmingskin.com\/wp-content\/uploads\/2024\/01\/EVLT-760x760.png 760w, https:\/\/charmingskin.com\/wp-content\/uploads\/2024\/01\/EVLT-460x460.png 460w, https:\/\/charmingskin.com\/wp-content\/uploads\/2024\/01\/EVLT-115x115.png 115w, https:\/\/charmingskin.com\/wp-content\/uploads\/2024\/01\/EVLT-12x12.png 12w, https:\/\/charmingskin.com\/wp-content\/uploads\/2024\/01\/EVLT-920x920.png 920w, https:\/\/charmingskin.com\/wp-content\/uploads\/2024\/01\/EVLT-145x145.png 145w, https:\/\/charmingskin.com\/wp-content\/uploads\/2024\/01\/EVLT-290x290.png 290w, https:\/\/charmingskin.com\/wp-content\/uploads\/2024\/01\/EVLT.png 1080w\" sizes=\"(max-width: 480px) 100vw, 480px\" title=\"\"><br><span class=\"lwrp-list-link-title-text\">Varicose Veins Surgery<\/span><\/a><\/li><li class=\"lwrp-list-item\"><a href=\"https:\/\/lightslategrey-snake-537859.hostingersite.com\/2024\/01\/04\/varicose-veins-prevention\/\" class=\"lwrp-list-link\"><img width=\"480\" height=\"320\" src=\"https:\/\/charmingskin.com\/wp-content\/uploads\/2023\/12\/shutterstock-leg-pain-4.png?wsr\" class=\"attachment-480x480 size-480x480 wp-post-image\" alt=\"Best Varicose Veins Prevention\" srcset=\"https:\/\/charmingskin.com\/wp-content\/uploads\/2023\/12\/shutterstock-leg-pain-4.png 720w, https:\/\/charmingskin.com\/wp-content\/uploads\/2023\/12\/shutterstock-leg-pain-4-460x307.png 460w, https:\/\/charmingskin.com\/wp-content\/uploads\/2023\/12\/shutterstock-leg-pain-4-18x12.png 18w, https:\/\/charmingskin.com\/wp-content\/uploads\/2023\/12\/shutterstock-leg-pain-4-218x145.png 218w, https:\/\/charmingskin.com\/wp-content\/uploads\/2023\/12\/shutterstock-leg-pain-4-435x290.png 435w\" sizes=\"(max-width: 480px) 100vw, 480px\" title=\"\"><br><span class=\"lwrp-list-link-title-text\">Varicose Veins Prevention<\/span><\/a><\/li>                    <\/ul>\r\n                <\/div>\r\n                        <\/div>\r\n<\/div>","protected":false},"excerpt":{"rendered":"<p>Endovenous Laser Treatment How EVLT Works Endovenous laser treatment (EVLT) is a minimally invasive procedure for treating varicose veins. The procedure is&hellip;<\/p>","protected":false},"author":5,"featured_media":0,"parent":0,"menu_order":0,"comment_status":"closed","ping_status":"closed","template":"elementor_header_footer","meta":{"footnotes":""},"class_list":["post-3268","page","type-page","status-publish","hentry"],"_links":{"self":[{"href":"https:\/\/charmingskin.com\/es\/wp-json\/wp\/v2\/pages\/3268","targetHints":{"allow":["GET"]}}],"collection":[{"href":"https:\/\/charmingskin.com\/es\/wp-json\/wp\/v2\/pages"}],"about":[{"href":"https:\/\/charmingskin.com\/es\/wp-json\/wp\/v2\/types\/page"}],"author":[{"embeddable":true,"href":"https:\/\/charmingskin.com\/es\/wp-json\/wp\/v2\/users\/5"}],"replies":[{"embeddable":true,"href":"https:\/\/charmingskin.com\/es\/wp-json\/wp\/v2\/comments?post=3268"}],"version-history":[{"count":57,"href":"https:\/\/charmingskin.com\/es\/wp-json\/wp\/v2\/pages\/3268\/revisions"}],"predecessor-version":[{"id":12561,"href":"https:\/\/charmingskin.com\/es\/wp-json\/wp\/v2\/pages\/3268\/revisions\/12561"}],"wp:attachment":[{"href":"https:\/\/charmingskin.com\/es\/wp-json\/wp\/v2\/media?parent=3268"}],"curies":[{"name":"wp","href":"https:\/\/api.w.org\/{rel}","templated":true}]}}